{"id":118,"date":"2015-09-11T09:36:08","date_gmt":"2015-09-11T07:36:08","guid":{"rendered":"http:\/\/meerlust.frankweiner.de\/?page_id=118"},"modified":"2021-06-08T11:57:42","modified_gmt":"2021-06-08T09:57:42","slug":"ueberfuehrungsfahrt-pfingsten","status":"publish","type":"page","link":"https:\/\/meerlust.frankweiner.de\/?page_id=118","title":{"rendered":"\u00dcberf\u00fchrungsfahrt Pfingsten 2015"},"content":{"rendered":"<p>Erste Fotos von der \u00dcberf\u00fchrungsfahrt Pfingsten 2015:<\/p>\n<p><!-- index.php -->\n<div\n\tclass=\"ngg-galleryoverview ngg-ajax-pagination-none\"\n\tid=\"ngg-gallery-88-1\">\n\n    \t\t<!-- Thumbnails -->\n\t\t\t\t<div id=\"ngg-image-0\" class=\"ngg-gallery-thumbnail-box\" >\n\t\t\t\t        <div class=\"ngg-gallery-thumbnail\">\n            <a href=\"https:\/\/meerlust.frankweiner.de\/wp-content\/gallery\/erste-fotos\/IMG_0494.jpg\"\n               title=\"\"\n               data-src=\"https:\/\/meerlust.frankweiner.de\/wp-content\/gallery\/erste-fotos\/IMG_0494.jpg\"\n               data-thumbnail=\"https:\/\/meerlust.frankweiner.de\/wp-content\/gallery\/erste-fotos\/thumbs\/thumbs_IMG_0494.jpg\"\n               data-image-id=\"3\"\n               data-title=\"Duisburg Ruhrort\"\n               data-description=\"\"\n               data-image-slug=\"img_0494\"\n               class=\"ngg-fancybox\" rel=\"88\">\n                <img\n                    title=\"Duisburg Ruhrort\"\n                    alt=\"Duisburg Ruhrort\"\n                    src=\"https:\/\/meerlust.frankweiner.de\/wp-content\/gallery\/erste-fotos\/thumbs\/thumbs_IMG_0494.jpg\"\n                    width=\"240\"\n                    height=\"160\"\n                    style=\"max-width:100%;\"\n                \/>\n            <\/a>\n        <\/div>\n\t\t\t\t\t\t\t<\/div> \n\t\t\t\n        \n\t\t\t\t<div id=\"ngg-image-1\" class=\"ngg-gallery-thumbnail-box\" >\n\t\t\t\t        <div class=\"ngg-gallery-thumbnail\">\n            <a href=\"https:\/\/meerlust.frankweiner.de\/wp-content\/gallery\/erste-fotos\/IMG_0540.jpg\"\n               title=\"\"\n               data-src=\"https:\/\/meerlust.frankweiner.de\/wp-content\/gallery\/erste-fotos\/IMG_0540.jpg\"\n               data-thumbnail=\"https:\/\/meerlust.frankweiner.de\/wp-content\/gallery\/erste-fotos\/thumbs\/thumbs_IMG_0540.jpg\"\n               data-image-id=\"4\"\n               data-title=\"\u00dcberf\u00fchrung - noch mit gelegtem Mast\"\n               data-description=\"\"\n               data-image-slug=\"img_0540\"\n               class=\"ngg-fancybox\" rel=\"88\">\n                <img\n                    title=\"\u00dcberf\u00fchrung - noch mit gelegtem Mast\"\n                    alt=\"\u00dcberf\u00fchrung - noch mit gelegtem Mast\"\n                    src=\"https:\/\/meerlust.frankweiner.de\/wp-content\/gallery\/erste-fotos\/thumbs\/thumbs_IMG_0540.jpg\"\n                    width=\"240\"\n                    height=\"160\"\n                    style=\"max-width:100%;\"\n                \/>\n            <\/a>\n        <\/div>\n\t\t\t\t\t\t\t<\/div> \n\t\t\t\n        \n\t\t\t\t<div id=\"ngg-image-2\" class=\"ngg-gallery-thumbnail-box\" >\n\t\t\t\t        <div class=\"ngg-gallery-thumbnail\">\n            <a href=\"https:\/\/meerlust.frankweiner.de\/wp-content\/gallery\/erste-fotos\/IMG_0542.jpg\"\n               title=\"\"\n               data-src=\"https:\/\/meerlust.frankweiner.de\/wp-content\/gallery\/erste-fotos\/IMG_0542.jpg\"\n               data-thumbnail=\"https:\/\/meerlust.frankweiner.de\/wp-content\/gallery\/erste-fotos\/thumbs\/thumbs_IMG_0542.jpg\"\n               data-image-id=\"6\"\n               data-title=\"Der Kapit\u00e4n passt auf\"\n               data-description=\"\"\n               data-image-slug=\"img_0542\"\n               class=\"ngg-fancybox\" rel=\"88\">\n                <img\n                    title=\"Der Kapit\u00e4n passt auf\"\n                    alt=\"Der Kapit\u00e4n passt auf\"\n                    src=\"https:\/\/meerlust.frankweiner.de\/wp-content\/gallery\/erste-fotos\/thumbs\/thumbs_IMG_0542.jpg\"\n                    width=\"240\"\n                    height=\"160\"\n                    style=\"max-width:100%;\"\n                \/>\n            <\/a>\n        <\/div>\n\t\t\t\t\t\t\t<\/div> \n\t\t\t\n        \n\t\t\t\t<div id=\"ngg-image-3\" class=\"ngg-gallery-thumbnail-box\" >\n\t\t\t\t        <div class=\"ngg-gallery-thumbnail\">\n            <a href=\"https:\/\/meerlust.frankweiner.de\/wp-content\/gallery\/erste-fotos\/IMG_0599.jpg\"\n               title=\"\"\n               data-src=\"https:\/\/meerlust.frankweiner.de\/wp-content\/gallery\/erste-fotos\/IMG_0599.jpg\"\n               data-thumbnail=\"https:\/\/meerlust.frankweiner.de\/wp-content\/gallery\/erste-fotos\/thumbs\/thumbs_IMG_0599.jpg\"\n               data-image-id=\"2\"\n               data-title=\"Liegeplatz - Flevo Marina - Lelystad\"\n               data-description=\"\"\n               data-image-slug=\"img_0599\"\n               class=\"ngg-fancybox\" rel=\"88\">\n                <img\n                    title=\"Liegeplatz - Flevo Marina - Lelystad\"\n                    alt=\"Liegeplatz - Flevo Marina - Lelystad\"\n                    src=\"https:\/\/meerlust.frankweiner.de\/wp-content\/gallery\/erste-fotos\/thumbs\/thumbs_IMG_0599.jpg\"\n                    width=\"240\"\n                    height=\"160\"\n                    style=\"max-width:100%;\"\n                \/>\n            <\/a>\n        <\/div>\n\t\t\t\t\t\t\t<\/div> \n\t\t\t\n        \n\t\t\t\t<div id=\"ngg-image-4\" class=\"ngg-gallery-thumbnail-box\" >\n\t\t\t\t        <div class=\"ngg-gallery-thumbnail\">\n            <a href=\"https:\/\/meerlust.frankweiner.de\/wp-content\/gallery\/erste-fotos\/IMG_0598.jpg\"\n               title=\"\"\n               data-src=\"https:\/\/meerlust.frankweiner.de\/wp-content\/gallery\/erste-fotos\/IMG_0598.jpg\"\n               data-thumbnail=\"https:\/\/meerlust.frankweiner.de\/wp-content\/gallery\/erste-fotos\/thumbs\/thumbs_IMG_0598.jpg\"\n               data-image-id=\"5\"\n               data-title=\"Restaurant Ausblick - Flevo Marina\"\n               data-description=\"\"\n               data-image-slug=\"img_0598\"\n               class=\"ngg-fancybox\" rel=\"88\">\n                <img\n                    title=\"Restaurant Ausblick - Flevo Marina\"\n                    alt=\"Restaurant Ausblick - Flevo Marina\"\n                    src=\"https:\/\/meerlust.frankweiner.de\/wp-content\/gallery\/erste-fotos\/thumbs\/thumbs_IMG_0598.jpg\"\n                    width=\"240\"\n                    height=\"160\"\n                    style=\"max-width:100%;\"\n                \/>\n            <\/a>\n        <\/div>\n\t\t\t\t\t\t\t<\/div> \n\t\t\t\n        \n\t\t\t\t<div id=\"ngg-image-5\" class=\"ngg-gallery-thumbnail-box\" >\n\t\t\t\t        <div class=\"ngg-gallery-thumbnail\">\n            <a href=\"https:\/\/meerlust.frankweiner.de\/wp-content\/gallery\/erste-fotos\/IMG_1083-e1440667955578.jpg\"\n               title=\"\"\n               data-src=\"https:\/\/meerlust.frankweiner.de\/wp-content\/gallery\/erste-fotos\/IMG_1083-e1440667955578.jpg\"\n               data-thumbnail=\"https:\/\/meerlust.frankweiner.de\/wp-content\/gallery\/erste-fotos\/thumbs\/thumbs_IMG_1083-e1440667955578.jpg\"\n               data-image-id=\"1\"\n               data-title=\"Abendd\u00e4mmerung\"\n               data-description=\"\"\n               data-image-slug=\"img_1083-e1440667955578\"\n               class=\"ngg-fancybox\" rel=\"88\">\n                <img\n                    title=\"Abendd\u00e4mmerung\"\n                    alt=\"Abendd\u00e4mmerung\"\n                    src=\"https:\/\/meerlust.frankweiner.de\/wp-content\/gallery\/erste-fotos\/thumbs\/thumbs_IMG_1083-e1440667955578.jpg\"\n                    width=\"240\"\n                    height=\"160\"\n                    style=\"max-width:100%;\"\n                \/>\n            <\/a>\n        <\/div>\n\t\t\t\t\t\t\t<\/div> \n\t\t\t\n        \n\t\t\n\t\t<!-- Pagination -->\n\t<div class='ngg-clear'><\/div>\t<\/div>\n<\/p>\n","protected":false},"excerpt":{"rendered":"<p>Erste Fotos von der \u00dcberf\u00fchrungsfahrt Pfingsten 2015:<\/p>\n","protected":false},"author":1,"featured_media":0,"parent":17,"menu_order":13,"comment_status":"closed","ping_status":"closed","template":"","meta":{"ngg_post_thumbnail":0},"_links":{"self":[{"href":"https:\/\/meerlust.frankweiner.de\/index.php?rest_route=\/wp\/v2\/pages\/118"}],"collection":[{"href":"https:\/\/meerlust.frankweiner.de\/index.php?rest_route=\/wp\/v2\/pages"}],"about":[{"href":"https:\/\/meerlust.frankweiner.de\/index.php?rest_route=\/wp\/v2\/types\/page"}],"author":[{"embeddable":true,"href":"https:\/\/meerlust.frankweiner.de\/index.php?rest_route=\/wp\/v2\/users\/1"}],"replies":[{"embeddable":true,"href":"https:\/\/meerlust.frankweiner.de\/index.php?rest_route=%2Fwp%2Fv2%2Fcomments&post=118"}],"version-history":[{"count":3,"href":"https:\/\/meerlust.frankweiner.de\/index.php?rest_route=\/wp\/v2\/pages\/118\/revisions"}],"predecessor-version":[{"id":420,"href":"https:\/\/meerlust.frankweiner.de\/index.php?rest_route=\/wp\/v2\/pages\/118\/revisions\/420"}],"up":[{"embeddable":true,"href":"https:\/\/meerlust.frankweiner.de\/index.php?rest_route=\/wp\/v2\/pages\/17"}],"wp:attachment":[{"href":"https:\/\/meerlust.frankweiner.de\/index.php?rest_route=%2Fwp%2Fv2%2Fmedia&parent=118"}],"curies":[{"name":"wp","href":"https:\/\/api.w.org\/{rel}","templated":true}]}}