{"id":339,"date":"2016-05-20T14:08:46","date_gmt":"2016-05-20T12:08:46","guid":{"rendered":"http:\/\/meerlust.frankweiner.de\/?page_id=339"},"modified":"2021-06-08T11:56:39","modified_gmt":"2021-06-08T09:56:39","slug":"fruehjahr-2016","status":"publish","type":"page","link":"https:\/\/meerlust.frankweiner.de\/?page_id=339","title":{"rendered":"Fr\u00fchjahr 2016"},"content":{"rendered":"<p><!-- index.php -->\n<div\n\tclass=\"ngg-galleryoverview ngg-ajax-pagination-none\"\n\tid=\"ngg-gallery-341-1\">\n\n    \t\t<!-- Thumbnails -->\n\t\t\t\t<div id=\"ngg-image-0\" class=\"ngg-gallery-thumbnail-box\" >\n\t\t\t\t        <div class=\"ngg-gallery-thumbnail\">\n            <a href=\"https:\/\/meerlust.frankweiner.de\/wp-content\/gallery\/fruehjahr-2016\/IMG_0443-e1444128467276.jpg\"\n               title=\"Abendblick\"\n               data-src=\"https:\/\/meerlust.frankweiner.de\/wp-content\/gallery\/fruehjahr-2016\/IMG_0443-e1444128467276.jpg\"\n               data-thumbnail=\"https:\/\/meerlust.frankweiner.de\/wp-content\/gallery\/fruehjahr-2016\/thumbs\/thumbs_IMG_0443-e1444128467276.jpg\"\n               data-image-id=\"31\"\n               data-title=\"Abendblick\"\n               data-description=\"Abendblick\"\n               data-image-slug=\"img_0443-e1444128467276-1\"\n               class=\"ngg-fancybox\" rel=\"341\">\n                <img\n                    title=\"Abendblick\"\n                    alt=\"Abendblick\"\n                    src=\"https:\/\/meerlust.frankweiner.de\/wp-content\/gallery\/fruehjahr-2016\/thumbs\/thumbs_IMG_0443-e1444128467276.jpg\"\n                    width=\"240\"\n                    height=\"160\"\n                    style=\"max-width:100%;\"\n                \/>\n            <\/a>\n        <\/div>\n\t\t\t\t\t\t\t<\/div> \n\t\t\t\n        \n\t\t\t\t<div id=\"ngg-image-1\" class=\"ngg-gallery-thumbnail-box\" >\n\t\t\t\t        <div class=\"ngg-gallery-thumbnail\">\n            <a href=\"https:\/\/meerlust.frankweiner.de\/wp-content\/gallery\/fruehjahr-2016\/IMG_1188.jpg\"\n               title=\"Stille\"\n               data-src=\"https:\/\/meerlust.frankweiner.de\/wp-content\/gallery\/fruehjahr-2016\/IMG_1188.jpg\"\n               data-thumbnail=\"https:\/\/meerlust.frankweiner.de\/wp-content\/gallery\/fruehjahr-2016\/thumbs\/thumbs_IMG_1188.jpg\"\n               data-image-id=\"27\"\n               data-title=\"Stille\"\n               data-description=\"Stille\"\n               data-image-slug=\"img_1188-3\"\n               class=\"ngg-fancybox\" rel=\"341\">\n                <img\n                    title=\"Stille\"\n                    alt=\"Stille\"\n                    src=\"https:\/\/meerlust.frankweiner.de\/wp-content\/gallery\/fruehjahr-2016\/thumbs\/thumbs_IMG_1188.jpg\"\n                    width=\"240\"\n                    height=\"160\"\n                    style=\"max-width:100%;\"\n                \/>\n            <\/a>\n        <\/div>\n\t\t\t\t\t\t\t<\/div> \n\t\t\t\n        \n\t\t\t\t<div id=\"ngg-image-2\" class=\"ngg-gallery-thumbnail-box\" >\n\t\t\t\t        <div class=\"ngg-gallery-thumbnail\">\n            <a href=\"https:\/\/meerlust.frankweiner.de\/wp-content\/gallery\/fruehjahr-2016\/IMG_1505.jpg\"\n               title=\"Spaziergang\"\n               data-src=\"https:\/\/meerlust.frankweiner.de\/wp-content\/gallery\/fruehjahr-2016\/IMG_1505.jpg\"\n               data-thumbnail=\"https:\/\/meerlust.frankweiner.de\/wp-content\/gallery\/fruehjahr-2016\/thumbs\/thumbs_IMG_1505.jpg\"\n               data-image-id=\"25\"\n               data-title=\"Spaziergang\"\n               data-description=\"Spaziergang\"\n               data-image-slug=\"img_1505-2\"\n               class=\"ngg-fancybox\" rel=\"341\">\n                <img\n                    title=\"Spaziergang\"\n                    alt=\"Spaziergang\"\n                    src=\"https:\/\/meerlust.frankweiner.de\/wp-content\/gallery\/fruehjahr-2016\/thumbs\/thumbs_IMG_1505.jpg\"\n                    width=\"240\"\n                    height=\"160\"\n                    style=\"max-width:100%;\"\n                \/>\n            <\/a>\n        <\/div>\n\t\t\t\t\t\t\t<\/div> \n\t\t\t\n        \n\t\t\t\t<div id=\"ngg-image-3\" class=\"ngg-gallery-thumbnail-box\" >\n\t\t\t\t        <div class=\"ngg-gallery-thumbnail\">\n            <a href=\"https:\/\/meerlust.frankweiner.de\/wp-content\/gallery\/fruehjahr-2016\/IMG_1504.jpg\"\n               title=\"Ijsselmeer\"\n               data-src=\"https:\/\/meerlust.frankweiner.de\/wp-content\/gallery\/fruehjahr-2016\/IMG_1504.jpg\"\n               data-thumbnail=\"https:\/\/meerlust.frankweiner.de\/wp-content\/gallery\/fruehjahr-2016\/thumbs\/thumbs_IMG_1504.jpg\"\n               data-image-id=\"26\"\n               data-title=\"Ijsselmeer\"\n               data-description=\"Ijsselmeer\"\n               data-image-slug=\"img_1504-2\"\n               class=\"ngg-fancybox\" rel=\"341\">\n                <img\n                    title=\"Ijsselmeer\"\n                    alt=\"Ijsselmeer\"\n                    src=\"https:\/\/meerlust.frankweiner.de\/wp-content\/gallery\/fruehjahr-2016\/thumbs\/thumbs_IMG_1504.jpg\"\n                    width=\"240\"\n                    height=\"160\"\n                    style=\"max-width:100%;\"\n                \/>\n            <\/a>\n        <\/div>\n\t\t\t\t\t\t\t<\/div> \n\t\t\t\n        \n\t\t\t\t<div id=\"ngg-image-4\" class=\"ngg-gallery-thumbnail-box\" >\n\t\t\t\t        <div class=\"ngg-gallery-thumbnail\">\n            <a href=\"https:\/\/meerlust.frankweiner.de\/wp-content\/gallery\/fruehjahr-2016\/IMG_1186.jpg\"\n               title=\"Und noch mal\"\n               data-src=\"https:\/\/meerlust.frankweiner.de\/wp-content\/gallery\/fruehjahr-2016\/IMG_1186.jpg\"\n               data-thumbnail=\"https:\/\/meerlust.frankweiner.de\/wp-content\/gallery\/fruehjahr-2016\/thumbs\/thumbs_IMG_1186.jpg\"\n               data-image-id=\"29\"\n               data-title=\"Und noch mal\"\n               data-description=\"Und noch mal\"\n               data-image-slug=\"img_1186-3\"\n               class=\"ngg-fancybox\" rel=\"341\">\n                <img\n                    title=\"Und noch mal\"\n                    alt=\"Und noch mal\"\n                    src=\"https:\/\/meerlust.frankweiner.de\/wp-content\/gallery\/fruehjahr-2016\/thumbs\/thumbs_IMG_1186.jpg\"\n                    width=\"240\"\n                    height=\"160\"\n                    style=\"max-width:100%;\"\n                \/>\n            <\/a>\n        <\/div>\n\t\t\t\t\t\t\t<\/div> \n\t\t\t\n        \n\t\t\t\t<div id=\"ngg-image-5\" class=\"ngg-gallery-thumbnail-box\" >\n\t\t\t\t        <div class=\"ngg-gallery-thumbnail\">\n            <a href=\"https:\/\/meerlust.frankweiner.de\/wp-content\/gallery\/fruehjahr-2016\/IMG_1187.jpg\"\n               title=\"Fischreiher\"\n               data-src=\"https:\/\/meerlust.frankweiner.de\/wp-content\/gallery\/fruehjahr-2016\/IMG_1187.jpg\"\n               data-thumbnail=\"https:\/\/meerlust.frankweiner.de\/wp-content\/gallery\/fruehjahr-2016\/thumbs\/thumbs_IMG_1187.jpg\"\n               data-image-id=\"28\"\n               data-title=\"Fischreiher\"\n               data-description=\"Fischreiher\"\n               data-image-slug=\"img_1187-3\"\n               class=\"ngg-fancybox\" rel=\"341\">\n                <img\n                    title=\"Fischreiher\"\n                    alt=\"Fischreiher\"\n                    src=\"https:\/\/meerlust.frankweiner.de\/wp-content\/gallery\/fruehjahr-2016\/thumbs\/thumbs_IMG_1187.jpg\"\n                    width=\"240\"\n                    height=\"160\"\n                    style=\"max-width:100%;\"\n                \/>\n            <\/a>\n        <\/div>\n\t\t\t\t\t\t\t<\/div> \n\t\t\t\n        \n\t\t\t\t<div id=\"ngg-image-6\" class=\"ngg-gallery-thumbnail-box\" >\n\t\t\t\t        <div class=\"ngg-gallery-thumbnail\">\n            <a href=\"https:\/\/meerlust.frankweiner.de\/wp-content\/gallery\/fruehjahr-2016\/IMG_1107.jpg\"\n               title=\"Besucher\"\n               data-src=\"https:\/\/meerlust.frankweiner.de\/wp-content\/gallery\/fruehjahr-2016\/IMG_1107.jpg\"\n               data-thumbnail=\"https:\/\/meerlust.frankweiner.de\/wp-content\/gallery\/fruehjahr-2016\/thumbs\/thumbs_IMG_1107.jpg\"\n               data-image-id=\"30\"\n               data-title=\"Besucher\"\n               data-description=\"Besucher\"\n               data-image-slug=\"img_1107-3\"\n               class=\"ngg-fancybox\" rel=\"341\">\n                <img\n                    title=\"Besucher\"\n                    alt=\"Besucher\"\n                    src=\"https:\/\/meerlust.frankweiner.de\/wp-content\/gallery\/fruehjahr-2016\/thumbs\/thumbs_IMG_1107.jpg\"\n                    width=\"240\"\n                    height=\"160\"\n                    style=\"max-width:100%;\"\n                \/>\n            <\/a>\n        <\/div>\n\t\t\t\t\t\t\t<\/div> \n\t\t\t\n        \n\t\t\t\t<div id=\"ngg-image-7\" class=\"ngg-gallery-thumbnail-box\" >\n\t\t\t\t        <div class=\"ngg-gallery-thumbnail\">\n            <a href=\"https:\/\/meerlust.frankweiner.de\/wp-content\/gallery\/fruehjahr-2016\/IMG_1724.jpg\"\n               title=\"Vogelnest im Hafenm\u00fcll - direkt unter dem Steg nah dem WC Trakt\"\n               data-src=\"https:\/\/meerlust.frankweiner.de\/wp-content\/gallery\/fruehjahr-2016\/IMG_1724.jpg\"\n               data-thumbnail=\"https:\/\/meerlust.frankweiner.de\/wp-content\/gallery\/fruehjahr-2016\/thumbs\/thumbs_IMG_1724.jpg\"\n               data-image-id=\"21\"\n               data-title=\"Vogelnest im Hafenm\u00fcll\"\n               data-description=\"Vogelnest im Hafenm\u00fcll - direkt unter dem Steg nah dem WC Trakt\"\n               data-image-slug=\"vogelnest-im-hafenmuell-1\"\n               class=\"ngg-fancybox\" rel=\"341\">\n                <img\n                    title=\"Vogelnest im Hafenm\u00fcll\"\n                    alt=\"Vogelnest im Hafenm\u00fcll\"\n                    src=\"https:\/\/meerlust.frankweiner.de\/wp-content\/gallery\/fruehjahr-2016\/thumbs\/thumbs_IMG_1724.jpg\"\n                    width=\"240\"\n                    height=\"160\"\n                    style=\"max-width:100%;\"\n                \/>\n            <\/a>\n        <\/div>\n\t\t\t\t\t\t\t<\/div> \n\t\t\t\n        \n\t\t\t\t<div id=\"ngg-image-8\" class=\"ngg-gallery-thumbnail-box\" >\n\t\t\t\t        <div class=\"ngg-gallery-thumbnail\">\n            <a href=\"https:\/\/meerlust.frankweiner.de\/wp-content\/gallery\/fruehjahr-2016\/IMG_1721.jpg\"\n               title=\"Topview Heck - mit der Handsteigklemme zum Masttop\"\n               data-src=\"https:\/\/meerlust.frankweiner.de\/wp-content\/gallery\/fruehjahr-2016\/IMG_1721.jpg\"\n               data-thumbnail=\"https:\/\/meerlust.frankweiner.de\/wp-content\/gallery\/fruehjahr-2016\/thumbs\/thumbs_IMG_1721.jpg\"\n               data-image-id=\"22\"\n               data-title=\"Topview Heck\"\n               data-description=\"Topview Heck - mit der Handsteigklemme zum Masttop\"\n               data-image-slug=\"topview-heck-1\"\n               class=\"ngg-fancybox\" rel=\"341\">\n                <img\n                    title=\"Topview Heck\"\n                    alt=\"Topview Heck\"\n                    src=\"https:\/\/meerlust.frankweiner.de\/wp-content\/gallery\/fruehjahr-2016\/thumbs\/thumbs_IMG_1721.jpg\"\n                    width=\"240\"\n                    height=\"160\"\n                    style=\"max-width:100%;\"\n                \/>\n            <\/a>\n        <\/div>\n\t\t\t\t\t\t\t<\/div> \n\t\t\t\n        \n\t\t\t\t<div id=\"ngg-image-9\" class=\"ngg-gallery-thumbnail-box\" >\n\t\t\t\t        <div class=\"ngg-gallery-thumbnail\">\n            <a href=\"https:\/\/meerlust.frankweiner.de\/wp-content\/gallery\/fruehjahr-2016\/IMG_1720.jpg\"\n               title=\"Topview Bug - mit der Handsteigklemme zum Masttop\"\n               data-src=\"https:\/\/meerlust.frankweiner.de\/wp-content\/gallery\/fruehjahr-2016\/IMG_1720.jpg\"\n               data-thumbnail=\"https:\/\/meerlust.frankweiner.de\/wp-content\/gallery\/fruehjahr-2016\/thumbs\/thumbs_IMG_1720.jpg\"\n               data-image-id=\"23\"\n               data-title=\"Topview Bug\"\n               data-description=\"Topview Bug - mit der Handsteigklemme zum Masttop\"\n               data-image-slug=\"topview-bug-1\"\n               class=\"ngg-fancybox\" rel=\"341\">\n                <img\n                    title=\"Topview Bug\"\n                    alt=\"Topview Bug\"\n                    src=\"https:\/\/meerlust.frankweiner.de\/wp-content\/gallery\/fruehjahr-2016\/thumbs\/thumbs_IMG_1720.jpg\"\n                    width=\"240\"\n                    height=\"160\"\n                    style=\"max-width:100%;\"\n                \/>\n            <\/a>\n        <\/div>\n\t\t\t\t\t\t\t<\/div> \n\t\t\t\n        \n\t\t\t\t<div id=\"ngg-image-10\" class=\"ngg-gallery-thumbnail-box\" >\n\t\t\t\t        <div class=\"ngg-gallery-thumbnail\">\n            <a href=\"https:\/\/meerlust.frankweiner.de\/wp-content\/gallery\/fruehjahr-2016\/IMG_1718.jpg\"\n               title=\"Hafenblick\"\n               data-src=\"https:\/\/meerlust.frankweiner.de\/wp-content\/gallery\/fruehjahr-2016\/IMG_1718.jpg\"\n               data-thumbnail=\"https:\/\/meerlust.frankweiner.de\/wp-content\/gallery\/fruehjahr-2016\/thumbs\/thumbs_IMG_1718.jpg\"\n               data-image-id=\"24\"\n               data-title=\"Hafenblick\"\n               data-description=\"Hafenblick\"\n               data-image-slug=\"img_1718-2\"\n               class=\"ngg-fancybox\" rel=\"341\">\n                <img\n                    title=\"Hafenblick\"\n                    alt=\"Hafenblick\"\n                    src=\"https:\/\/meerlust.frankweiner.de\/wp-content\/gallery\/fruehjahr-2016\/thumbs\/thumbs_IMG_1718.jpg\"\n                    width=\"240\"\n                    height=\"160\"\n                    style=\"max-width:100%;\"\n                \/>\n            <\/a>\n        <\/div>\n\t\t\t\t\t\t\t<\/div> \n\t\t\t\n        \n\t\t\t\t<div id=\"ngg-image-11\" class=\"ngg-gallery-thumbnail-box\" >\n\t\t\t\t        <div class=\"ngg-gallery-thumbnail\">\n            <a href=\"https:\/\/meerlust.frankweiner.de\/wp-content\/gallery\/fruehjahr-2016\/IMG_1723.jpg\"\n               title=\"DER Backofen f\u00fcr das Boot - zum Beispiel f\u00fcr die leckeren (kosteng\u00fcnstigen) aufbackbaren Br\u00f6tchen . . .\"\n               data-src=\"https:\/\/meerlust.frankweiner.de\/wp-content\/gallery\/fruehjahr-2016\/IMG_1723.jpg\"\n               data-thumbnail=\"https:\/\/meerlust.frankweiner.de\/wp-content\/gallery\/fruehjahr-2016\/thumbs\/thumbs_IMG_1723.jpg\"\n               data-image-id=\"32\"\n               data-title=\"DER Backofen f\u00fcr das Boot\"\n               data-description=\"DER Backofen f\u00fcr das Boot - zum Beispiel f\u00fcr die leckeren (kosteng\u00fcnstigen) aufbackbaren Br\u00f6tchen . . .\"\n               data-image-slug=\"img_1723\"\n               class=\"ngg-fancybox\" rel=\"341\">\n                <img\n                    title=\"DER Backofen f\u00fcr das Boot\"\n                    alt=\"DER Backofen f\u00fcr das Boot\"\n                    src=\"https:\/\/meerlust.frankweiner.de\/wp-content\/gallery\/fruehjahr-2016\/thumbs\/thumbs_IMG_1723.jpg\"\n                    width=\"240\"\n                    height=\"160\"\n                    style=\"max-width:100%;\"\n                \/>\n            <\/a>\n        <\/div>\n\t\t\t\t\t\t\t<\/div> \n\t\t\t\n        \n\t\t\n\t\t<!-- Pagination -->\n\t<div class='ngg-clear'><\/div>\t<\/div>\n<\/p>\n","protected":false},"excerpt":{"rendered":"","protected":false},"author":1,"featured_media":0,"parent":17,"menu_order":10,"comment_status":"closed","ping_status":"closed","template":"","meta":{"ngg_post_thumbnail":0},"_links":{"self":[{"href":"https:\/\/meerlust.frankweiner.de\/index.php?rest_route=\/wp\/v2\/pages\/339"}],"collection":[{"href":"https:\/\/meerlust.frankweiner.de\/index.php?rest_route=\/wp\/v2\/pages"}],"about":[{"href":"https:\/\/meerlust.frankweiner.de\/index.php?rest_route=\/wp\/v2\/types\/page"}],"author":[{"embeddable":true,"href":"https:\/\/meerlust.frankweiner.de\/index.php?rest_route=\/wp\/v2\/users\/1"}],"replies":[{"embeddable":true,"href":"https:\/\/meerlust.frankweiner.de\/index.php?rest_route=%2Fwp%2Fv2%2Fcomments&post=339"}],"version-history":[{"count":3,"href":"https:\/\/meerlust.frankweiner.de\/index.php?rest_route=\/wp\/v2\/pages\/339\/revisions"}],"predecessor-version":[{"id":343,"href":"https:\/\/meerlust.frankweiner.de\/index.php?rest_route=\/wp\/v2\/pages\/339\/revisions\/343"}],"up":[{"embeddable":true,"href":"https:\/\/meerlust.frankweiner.de\/index.php?rest_route=\/wp\/v2\/pages\/17"}],"wp:attachment":[{"href":"https:\/\/meerlust.frankweiner.de\/index.php?rest_route=%2Fwp%2Fv2%2Fmedia&parent=339"}],"curies":[{"name":"wp","href":"https:\/\/api.w.org\/{rel}","templated":true}]}}