{"id":616,"date":"2017-11-20T11:24:52","date_gmt":"2017-11-20T10:24:52","guid":{"rendered":"http:\/\/meerlust.frankweiner.de\/?page_id=616"},"modified":"2021-06-08T11:56:12","modified_gmt":"2021-06-08T09:56:12","slug":"luebbecke-und-fuestrup-2017","status":"publish","type":"page","link":"https:\/\/meerlust.frankweiner.de\/?page_id=616","title":{"rendered":"L\u00fcbbecke und Fuestrup 2017"},"content":{"rendered":"<!-- index.php -->\n<div\n\tclass=\"ngg-galleryoverview ngg-ajax-pagination-none\"\n\tid=\"ngg-gallery-2339efc713727e5cf0e892c4bbfc3624-1\">\n\n    \t\t<!-- Thumbnails -->\n\t\t\t\t<div id=\"ngg-image-0\" class=\"ngg-gallery-thumbnail-box\" >\n\t\t\t\t        <div class=\"ngg-gallery-thumbnail\">\n            <a href=\"https:\/\/meerlust.frankweiner.de\/wp-content\/gallery\/luebbecke-und-fuestrup\/IMG_3406.jpg\"\n               title=\"Die &quot;ber\u00fchmte&quot; EOS an meiner Steuerbordseite.\"\n               data-src=\"https:\/\/meerlust.frankweiner.de\/wp-content\/gallery\/luebbecke-und-fuestrup\/IMG_3406.jpg\"\n               data-thumbnail=\"https:\/\/meerlust.frankweiner.de\/wp-content\/gallery\/luebbecke-und-fuestrup\/thumbs\/thumbs_IMG_3406.jpg\"\n               data-image-id=\"87\"\n               data-title=\"IMG_3406\"\n               data-description=\"Die &quot;ber\u00fchmte&quot; EOS an meiner Steuerbordseite.\"\n               data-image-slug=\"img_3406\"\n               class=\"ngg-fancybox\" rel=\"2339efc713727e5cf0e892c4bbfc3624\">\n                <img\n                    title=\"IMG_3406\"\n                    alt=\"IMG_3406\"\n                    src=\"https:\/\/meerlust.frankweiner.de\/wp-content\/gallery\/luebbecke-und-fuestrup\/thumbs\/thumbs_IMG_3406.jpg\"\n                    width=\"240\"\n                    height=\"160\"\n                    style=\"max-width:100%;\"\n                \/>\n            <\/a>\n        <\/div>\n\t\t\t\t\t\t\t<\/div> \n\t\t\t\n        \n\t\t\t\t<div id=\"ngg-image-1\" class=\"ngg-gallery-thumbnail-box\" >\n\t\t\t\t        <div class=\"ngg-gallery-thumbnail\">\n            <a href=\"https:\/\/meerlust.frankweiner.de\/wp-content\/gallery\/luebbecke-und-fuestrup\/IMG_3477.jpg\"\n               title=\"Auf Wiedersehen MYC L\u00fcbbecke. Heimat f\u00fcr fast 3 Monate.\"\n               data-src=\"https:\/\/meerlust.frankweiner.de\/wp-content\/gallery\/luebbecke-und-fuestrup\/IMG_3477.jpg\"\n               data-thumbnail=\"https:\/\/meerlust.frankweiner.de\/wp-content\/gallery\/luebbecke-und-fuestrup\/thumbs\/thumbs_IMG_3477.jpg\"\n               data-image-id=\"88\"\n               data-title=\"IMG_3477\"\n               data-description=\"Auf Wiedersehen MYC L\u00fcbbecke. Heimat f\u00fcr fast 3 Monate.\"\n               data-image-slug=\"img_3477\"\n               class=\"ngg-fancybox\" rel=\"2339efc713727e5cf0e892c4bbfc3624\">\n                <img\n                    title=\"IMG_3477\"\n                    alt=\"IMG_3477\"\n                    src=\"https:\/\/meerlust.frankweiner.de\/wp-content\/gallery\/luebbecke-und-fuestrup\/thumbs\/thumbs_IMG_3477.jpg\"\n                    width=\"240\"\n                    height=\"160\"\n                    style=\"max-width:100%;\"\n                \/>\n            <\/a>\n        <\/div>\n\t\t\t\t\t\t\t<\/div> \n\t\t\t\n        \n\t\t\t\t<div id=\"ngg-image-2\" class=\"ngg-gallery-thumbnail-box\" >\n\t\t\t\t        <div class=\"ngg-gallery-thumbnail\">\n            <a href=\"https:\/\/meerlust.frankweiner.de\/wp-content\/gallery\/luebbecke-und-fuestrup\/IMG_3488.jpg\"\n               title=\"Tausendmal dr\u00fcber gefahren. Einmal drunter. BAB 1 Br\u00fccke \u00fcber den Mittellandkanal.\"\n               data-src=\"https:\/\/meerlust.frankweiner.de\/wp-content\/gallery\/luebbecke-und-fuestrup\/IMG_3488.jpg\"\n               data-thumbnail=\"https:\/\/meerlust.frankweiner.de\/wp-content\/gallery\/luebbecke-und-fuestrup\/thumbs\/thumbs_IMG_3488.jpg\"\n               data-image-id=\"89\"\n               data-title=\"IMG_3488\"\n               data-description=\"Tausendmal dr\u00fcber gefahren. Einmal drunter. BAB 1 Br\u00fccke \u00fcber den Mittellandkanal.\"\n               data-image-slug=\"img_3488\"\n               class=\"ngg-fancybox\" rel=\"2339efc713727e5cf0e892c4bbfc3624\">\n                <img\n                    title=\"IMG_3488\"\n                    alt=\"IMG_3488\"\n                    src=\"https:\/\/meerlust.frankweiner.de\/wp-content\/gallery\/luebbecke-und-fuestrup\/thumbs\/thumbs_IMG_3488.jpg\"\n                    width=\"240\"\n                    height=\"160\"\n                    style=\"max-width:100%;\"\n                \/>\n            <\/a>\n        <\/div>\n\t\t\t\t\t\t\t<\/div> \n\t\t\t\n        \n\t\t\t\t<div id=\"ngg-image-3\" class=\"ngg-gallery-thumbnail-box\" >\n\t\t\t\t        <div class=\"ngg-gallery-thumbnail\">\n            <a href=\"https:\/\/meerlust.frankweiner.de\/wp-content\/gallery\/luebbecke-und-fuestrup\/IMG_3489.jpg\"\n               title=\"Das nasse Dreieck. Der Mittellandkanal st\u00f6\u00dft auf den Dortmund Ems Kanal.\"\n               data-src=\"https:\/\/meerlust.frankweiner.de\/wp-content\/gallery\/luebbecke-und-fuestrup\/IMG_3489.jpg\"\n               data-thumbnail=\"https:\/\/meerlust.frankweiner.de\/wp-content\/gallery\/luebbecke-und-fuestrup\/thumbs\/thumbs_IMG_3489.jpg\"\n               data-image-id=\"90\"\n               data-title=\"IMG_3489\"\n               data-description=\"Das nasse Dreieck. Der Mittellandkanal st\u00f6\u00dft auf den Dortmund Ems Kanal.\"\n               data-image-slug=\"img_3489\"\n               class=\"ngg-fancybox\" rel=\"2339efc713727e5cf0e892c4bbfc3624\">\n                <img\n                    title=\"IMG_3489\"\n                    alt=\"IMG_3489\"\n                    src=\"https:\/\/meerlust.frankweiner.de\/wp-content\/gallery\/luebbecke-und-fuestrup\/thumbs\/thumbs_IMG_3489.jpg\"\n                    width=\"240\"\n                    height=\"160\"\n                    style=\"max-width:100%;\"\n                \/>\n            <\/a>\n        <\/div>\n\t\t\t\t\t\t\t<\/div> \n\t\t\t\n        \n\t\t\t\t<div id=\"ngg-image-4\" class=\"ngg-gallery-thumbnail-box\" >\n\t\t\t\t        <div class=\"ngg-gallery-thumbnail\">\n            <a href=\"https:\/\/meerlust.frankweiner.de\/wp-content\/gallery\/luebbecke-und-fuestrup\/IMG_3484.jpg\"\n               title=\"Marina Recke. Halber Weg auf der \u00dcberf\u00fchrung von L\u00fcbbecke nach Fuestrup.\"\n               data-src=\"https:\/\/meerlust.frankweiner.de\/wp-content\/gallery\/luebbecke-und-fuestrup\/IMG_3484.jpg\"\n               data-thumbnail=\"https:\/\/meerlust.frankweiner.de\/wp-content\/gallery\/luebbecke-und-fuestrup\/thumbs\/thumbs_IMG_3484.jpg\"\n               data-image-id=\"92\"\n               data-title=\"IMG_3484\"\n               data-description=\"Marina Recke. Halber Weg auf der \u00dcberf\u00fchrung von L\u00fcbbecke nach Fuestrup.\"\n               data-image-slug=\"img_3484\"\n               class=\"ngg-fancybox\" rel=\"2339efc713727e5cf0e892c4bbfc3624\">\n                <img\n                    title=\"IMG_3484\"\n                    alt=\"IMG_3484\"\n                    src=\"https:\/\/meerlust.frankweiner.de\/wp-content\/gallery\/luebbecke-und-fuestrup\/thumbs\/thumbs_IMG_3484.jpg\"\n                    width=\"240\"\n                    height=\"160\"\n                    style=\"max-width:100%;\"\n                \/>\n            <\/a>\n        <\/div>\n\t\t\t\t\t\t\t<\/div> \n\t\t\t\n        \n\t\t\t\t<div id=\"ngg-image-5\" class=\"ngg-gallery-thumbnail-box\" >\n\t\t\t\t        <div class=\"ngg-gallery-thumbnail\">\n            <a href=\"https:\/\/meerlust.frankweiner.de\/wp-content\/gallery\/luebbecke-und-fuestrup\/IMG_3494.jpg\"\n               title=\"Mittagspause irgendwo am DEK.\"\n               data-src=\"https:\/\/meerlust.frankweiner.de\/wp-content\/gallery\/luebbecke-und-fuestrup\/IMG_3494.jpg\"\n               data-thumbnail=\"https:\/\/meerlust.frankweiner.de\/wp-content\/gallery\/luebbecke-und-fuestrup\/thumbs\/thumbs_IMG_3494.jpg\"\n               data-image-id=\"91\"\n               data-title=\"IMG_3494\"\n               data-description=\"Mittagspause irgendwo am DEK.\"\n               data-image-slug=\"img_3494\"\n               class=\"ngg-fancybox\" rel=\"2339efc713727e5cf0e892c4bbfc3624\">\n                <img\n                    title=\"IMG_3494\"\n                    alt=\"IMG_3494\"\n                    src=\"https:\/\/meerlust.frankweiner.de\/wp-content\/gallery\/luebbecke-und-fuestrup\/thumbs\/thumbs_IMG_3494.jpg\"\n                    width=\"240\"\n                    height=\"160\"\n                    style=\"max-width:100%;\"\n                \/>\n            <\/a>\n        <\/div>\n\t\t\t\t\t\t\t<\/div> \n\t\t\t\n        \n\t\t\t\t<div id=\"ngg-image-6\" class=\"ngg-gallery-thumbnail-box\" >\n\t\t\t\t        <div class=\"ngg-gallery-thumbnail\">\n            <a href=\"https:\/\/meerlust.frankweiner.de\/wp-content\/gallery\/luebbecke-und-fuestrup\/IMG_3495.jpg\"\n               title=\"Ebenso - andere Perspektive.\"\n               data-src=\"https:\/\/meerlust.frankweiner.de\/wp-content\/gallery\/luebbecke-und-fuestrup\/IMG_3495.jpg\"\n               data-thumbnail=\"https:\/\/meerlust.frankweiner.de\/wp-content\/gallery\/luebbecke-und-fuestrup\/thumbs\/thumbs_IMG_3495.jpg\"\n               data-image-id=\"94\"\n               data-title=\"IMG_3495\"\n               data-description=\"Ebenso - andere Perspektive.\"\n               data-image-slug=\"img_3495\"\n               class=\"ngg-fancybox\" rel=\"2339efc713727e5cf0e892c4bbfc3624\">\n                <img\n                    title=\"IMG_3495\"\n                    alt=\"IMG_3495\"\n                    src=\"https:\/\/meerlust.frankweiner.de\/wp-content\/gallery\/luebbecke-und-fuestrup\/thumbs\/thumbs_IMG_3495.jpg\"\n                    width=\"240\"\n                    height=\"160\"\n                    style=\"max-width:100%;\"\n                \/>\n            <\/a>\n        <\/div>\n\t\t\t\t\t\t\t<\/div> \n\t\t\t\n        \n\t\t\t\t<div id=\"ngg-image-7\" class=\"ngg-gallery-thumbnail-box\" >\n\t\t\t\t        <div class=\"ngg-gallery-thumbnail\">\n            <a href=\"https:\/\/meerlust.frankweiner.de\/wp-content\/gallery\/luebbecke-und-fuestrup\/IMG_3502.jpg\"\n               title=\"Der momentane Hafen in Greven-Fuestrup.\"\n               data-src=\"https:\/\/meerlust.frankweiner.de\/wp-content\/gallery\/luebbecke-und-fuestrup\/IMG_3502.jpg\"\n               data-thumbnail=\"https:\/\/meerlust.frankweiner.de\/wp-content\/gallery\/luebbecke-und-fuestrup\/thumbs\/thumbs_IMG_3502.jpg\"\n               data-image-id=\"96\"\n               data-title=\"IMG_3502\"\n               data-description=\"Der momentane Hafen in Greven-Fuestrup.\"\n               data-image-slug=\"img_3502\"\n               class=\"ngg-fancybox\" rel=\"2339efc713727e5cf0e892c4bbfc3624\">\n                <img\n                    title=\"IMG_3502\"\n                    alt=\"IMG_3502\"\n                    src=\"https:\/\/meerlust.frankweiner.de\/wp-content\/gallery\/luebbecke-und-fuestrup\/thumbs\/thumbs_IMG_3502.jpg\"\n                    width=\"240\"\n                    height=\"160\"\n                    style=\"max-width:100%;\"\n                \/>\n            <\/a>\n        <\/div>\n\t\t\t\t\t\t\t<\/div> \n\t\t\t\n        \n\t\t\t\t<div id=\"ngg-image-8\" class=\"ngg-gallery-thumbnail-box\" >\n\t\t\t\t        <div class=\"ngg-gallery-thumbnail\">\n            <a href=\"https:\/\/meerlust.frankweiner.de\/wp-content\/gallery\/luebbecke-und-fuestrup\/IMG_3601.jpg\"\n               title=\"Arbeiten in einer Halle. Antifouling, Wasserpa\u00df, Schraube schleifen, Anode wechseln.\"\n               data-src=\"https:\/\/meerlust.frankweiner.de\/wp-content\/gallery\/luebbecke-und-fuestrup\/IMG_3601.jpg\"\n               data-thumbnail=\"https:\/\/meerlust.frankweiner.de\/wp-content\/gallery\/luebbecke-und-fuestrup\/thumbs\/thumbs_IMG_3601.jpg\"\n               data-image-id=\"93\"\n               data-title=\"IMG_3601\"\n               data-description=\"Arbeiten in einer Halle. Antifouling, Wasserpa\u00df, Schraube schleifen, Anode wechseln.\"\n               data-image-slug=\"img_3601\"\n               class=\"ngg-fancybox\" rel=\"2339efc713727e5cf0e892c4bbfc3624\">\n                <img\n                    title=\"IMG_3601\"\n                    alt=\"IMG_3601\"\n                    src=\"https:\/\/meerlust.frankweiner.de\/wp-content\/gallery\/luebbecke-und-fuestrup\/thumbs\/thumbs_IMG_3601.jpg\"\n                    width=\"240\"\n                    height=\"160\"\n                    style=\"max-width:100%;\"\n                \/>\n            <\/a>\n        <\/div>\n\t\t\t\t\t\t\t<\/div> \n\t\t\t\n        \n\t\t\t\t<div id=\"ngg-image-9\" class=\"ngg-gallery-thumbnail-box\" >\n\t\t\t\t        <div class=\"ngg-gallery-thumbnail\">\n            <a href=\"https:\/\/meerlust.frankweiner.de\/wp-content\/gallery\/luebbecke-und-fuestrup\/IMG_3603.jpg\"\n               title=\"Arbeit erledigt.\"\n               data-src=\"https:\/\/meerlust.frankweiner.de\/wp-content\/gallery\/luebbecke-und-fuestrup\/IMG_3603.jpg\"\n               data-thumbnail=\"https:\/\/meerlust.frankweiner.de\/wp-content\/gallery\/luebbecke-und-fuestrup\/thumbs\/thumbs_IMG_3603.jpg\"\n               data-image-id=\"95\"\n               data-title=\"IMG_3603\"\n               data-description=\"Arbeit erledigt.\"\n               data-image-slug=\"img_3603\"\n               class=\"ngg-fancybox\" rel=\"2339efc713727e5cf0e892c4bbfc3624\">\n                <img\n                    title=\"IMG_3603\"\n                    alt=\"IMG_3603\"\n                    src=\"https:\/\/meerlust.frankweiner.de\/wp-content\/gallery\/luebbecke-und-fuestrup\/thumbs\/thumbs_IMG_3603.jpg\"\n                    width=\"240\"\n                    height=\"160\"\n                    style=\"max-width:100%;\"\n                \/>\n            <\/a>\n        <\/div>\n\t\t\t\t\t\t\t<\/div> \n\t\t\t\n        \n\t\t\n\t\t<!-- Pagination -->\n\t<div class='ngg-clear'><\/div>\t<\/div>\n\n","protected":false},"excerpt":{"rendered":"","protected":false},"author":1,"featured_media":0,"parent":17,"menu_order":6,"comment_status":"closed","ping_status":"closed","template":"","meta":{"ngg_post_thumbnail":0},"_links":{"self":[{"href":"https:\/\/meerlust.frankweiner.de\/index.php?rest_route=\/wp\/v2\/pages\/616"}],"collection":[{"href":"https:\/\/meerlust.frankweiner.de\/index.php?rest_route=\/wp\/v2\/pages"}],"about":[{"href":"https:\/\/meerlust.frankweiner.de\/index.php?rest_route=\/wp\/v2\/types\/page"}],"author":[{"embeddable":true,"href":"https:\/\/meerlust.frankweiner.de\/index.php?rest_route=\/wp\/v2\/users\/1"}],"replies":[{"embeddable":true,"href":"https:\/\/meerlust.frankweiner.de\/index.php?rest_route=%2Fwp%2Fv2%2Fcomments&post=616"}],"version-history":[{"count":2,"href":"https:\/\/meerlust.frankweiner.de\/index.php?rest_route=\/wp\/v2\/pages\/616\/revisions"}],"predecessor-version":[{"id":618,"href":"https:\/\/meerlust.frankweiner.de\/index.php?rest_route=\/wp\/v2\/pages\/616\/revisions\/618"}],"up":[{"embeddable":true,"href":"https:\/\/meerlust.frankweiner.de\/index.php?rest_route=\/wp\/v2\/pages\/17"}],"wp:attachment":[{"href":"https:\/\/meerlust.frankweiner.de\/index.php?rest_route=%2Fwp%2Fv2%2Fmedia&parent=616"}],"curies":[{"name":"wp","href":"https:\/\/api.w.org\/{rel}","templated":true}]}}