{"id":667,"date":"2018-04-12T21:18:54","date_gmt":"2018-04-12T19:18:54","guid":{"rendered":"http:\/\/meerlust.frankweiner.de\/?page_id=667"},"modified":"2021-06-08T11:56:03","modified_gmt":"2021-06-08T09:56:03","slug":"haren-ems-nach-groningen-04-2018","status":"publish","type":"page","link":"https:\/\/meerlust.frankweiner.de\/?page_id=667","title":{"rendered":"Haren (Ems) &#8211; Groningen 04\/2018"},"content":{"rendered":"<!-- index.php -->\n<div\n\tclass=\"ngg-galleryoverview ngg-ajax-pagination-none\"\n\tid=\"ngg-gallery-24e33e81fe391b3f258df1179ba9a0d3-1\">\n\n    \t\t<!-- Thumbnails -->\n\t\t\t\t<div id=\"ngg-image-0\" class=\"ngg-gallery-thumbnail-box\" >\n\t\t\t\t        <div class=\"ngg-gallery-thumbnail\">\n            <a href=\"https:\/\/meerlust.frankweiner.de\/wp-content\/gallery\/haren-ems-groningen\/IMG_4037-1-2.jpg\"\n               title=\"Haren (Ems) - Yachthafen f\u00fcr 2 Wochen. Die Meerlust ist in der Bildmitte zu finden.\"\n               data-src=\"https:\/\/meerlust.frankweiner.de\/wp-content\/gallery\/haren-ems-groningen\/IMG_4037-1-2.jpg\"\n               data-thumbnail=\"https:\/\/meerlust.frankweiner.de\/wp-content\/gallery\/haren-ems-groningen\/thumbs\/thumbs_IMG_4037-1-2.jpg\"\n               data-image-id=\"117\"\n               data-title=\"IMG_4037-1-2\"\n               data-description=\"Haren (Ems) - Yachthafen f\u00fcr 2 Wochen. Die Meerlust ist in der Bildmitte zu finden.\"\n               data-image-slug=\"img_4037-1-2\"\n               class=\"ngg-fancybox\" rel=\"24e33e81fe391b3f258df1179ba9a0d3\">\n                <img\n                    title=\"IMG_4037-1-2\"\n                    alt=\"IMG_4037-1-2\"\n                    src=\"https:\/\/meerlust.frankweiner.de\/wp-content\/gallery\/haren-ems-groningen\/thumbs\/thumbs_IMG_4037-1-2.jpg\"\n                    width=\"240\"\n                    height=\"160\"\n                    style=\"max-width:100%;\"\n                \/>\n            <\/a>\n        <\/div>\n\t\t\t\t\t\t\t<\/div> \n\t\t\t\n        \n\t\t\t\t<div id=\"ngg-image-1\" class=\"ngg-gallery-thumbnail-box\" >\n\t\t\t\t        <div class=\"ngg-gallery-thumbnail\">\n            <a href=\"https:\/\/meerlust.frankweiner.de\/wp-content\/gallery\/haren-ems-groningen\/IMG_4047-a-e1523560275416.jpg\"\n               title=\"Der \u00dcbernachtungssteg - kurz vor der letzten Schleuse Herbrum\"\n               data-src=\"https:\/\/meerlust.frankweiner.de\/wp-content\/gallery\/haren-ems-groningen\/IMG_4047-a-e1523560275416.jpg\"\n               data-thumbnail=\"https:\/\/meerlust.frankweiner.de\/wp-content\/gallery\/haren-ems-groningen\/thumbs\/thumbs_IMG_4047-a-e1523560275416.jpg\"\n               data-image-id=\"122\"\n               data-title=\"IMG_4047-a-e1523560275416\"\n               data-description=\"Der \u00dcbernachtungssteg - kurz vor der letzten Schleuse Herbrum\"\n               data-image-slug=\"img_4047-a-e1523560275416\"\n               class=\"ngg-fancybox\" rel=\"24e33e81fe391b3f258df1179ba9a0d3\">\n                <img\n                    title=\"IMG_4047-a-e1523560275416\"\n                    alt=\"IMG_4047-a-e1523560275416\"\n                    src=\"https:\/\/meerlust.frankweiner.de\/wp-content\/gallery\/haren-ems-groningen\/thumbs\/thumbs_IMG_4047-a-e1523560275416.jpg\"\n                    width=\"240\"\n                    height=\"160\"\n                    style=\"max-width:100%;\"\n                \/>\n            <\/a>\n        <\/div>\n\t\t\t\t\t\t\t<\/div> \n\t\t\t\n        \n\t\t\t\t<div id=\"ngg-image-2\" class=\"ngg-gallery-thumbnail-box\" >\n\t\t\t\t        <div class=\"ngg-gallery-thumbnail\">\n            <a href=\"https:\/\/meerlust.frankweiner.de\/wp-content\/gallery\/haren-ems-groningen\/IMG_4068.jpg\"\n               title=\"Mittig im Bild, eine recht unwirkliche riesige Erscheinung in der Ferne - die Meyer Werft in Papenburg\"\n               data-src=\"https:\/\/meerlust.frankweiner.de\/wp-content\/gallery\/haren-ems-groningen\/IMG_4068.jpg\"\n               data-thumbnail=\"https:\/\/meerlust.frankweiner.de\/wp-content\/gallery\/haren-ems-groningen\/thumbs\/thumbs_IMG_4068.jpg\"\n               data-image-id=\"112\"\n               data-title=\"IMG_4068\"\n               data-description=\"Mittig im Bild, eine recht unwirkliche riesige Erscheinung in der Ferne - die Meyer Werft in Papenburg\"\n               data-image-slug=\"img_4068\"\n               class=\"ngg-fancybox\" rel=\"24e33e81fe391b3f258df1179ba9a0d3\">\n                <img\n                    title=\"IMG_4068\"\n                    alt=\"IMG_4068\"\n                    src=\"https:\/\/meerlust.frankweiner.de\/wp-content\/gallery\/haren-ems-groningen\/thumbs\/thumbs_IMG_4068.jpg\"\n                    width=\"240\"\n                    height=\"160\"\n                    style=\"max-width:100%;\"\n                \/>\n            <\/a>\n        <\/div>\n\t\t\t\t\t\t\t<\/div> \n\t\t\t\n        \n\t\t\t\t<div id=\"ngg-image-3\" class=\"ngg-gallery-thumbnail-box\" >\n\t\t\t\t        <div class=\"ngg-gallery-thumbnail\">\n            <a href=\"https:\/\/meerlust.frankweiner.de\/wp-content\/gallery\/haren-ems-groningen\/IMG_4115.jpg\"\n               title=\"Yachthafen im Emdener Aussenhafen - noch kein Betrieb an den Steganlagen. Hinter den wei\u00dfen Zollcontainern liegt das Boot.\"\n               data-src=\"https:\/\/meerlust.frankweiner.de\/wp-content\/gallery\/haren-ems-groningen\/IMG_4115.jpg\"\n               data-thumbnail=\"https:\/\/meerlust.frankweiner.de\/wp-content\/gallery\/haren-ems-groningen\/thumbs\/thumbs_IMG_4115.jpg\"\n               data-image-id=\"113\"\n               data-title=\"IMG_4115\"\n               data-description=\"Yachthafen im Emdener Aussenhafen - noch kein Betrieb an den Steganlagen. Hinter den wei\u00dfen Zollcontainern liegt das Boot.\"\n               data-image-slug=\"img_4115\"\n               class=\"ngg-fancybox\" rel=\"24e33e81fe391b3f258df1179ba9a0d3\">\n                <img\n                    title=\"IMG_4115\"\n                    alt=\"IMG_4115\"\n                    src=\"https:\/\/meerlust.frankweiner.de\/wp-content\/gallery\/haren-ems-groningen\/thumbs\/thumbs_IMG_4115.jpg\"\n                    width=\"240\"\n                    height=\"160\"\n                    style=\"max-width:100%;\"\n                \/>\n            <\/a>\n        <\/div>\n\t\t\t\t\t\t\t<\/div> \n\t\t\t\n        \n\t\t\t\t<div id=\"ngg-image-4\" class=\"ngg-gallery-thumbnail-box\" >\n\t\t\t\t        <div class=\"ngg-gallery-thumbnail\">\n            <a href=\"https:\/\/meerlust.frankweiner.de\/wp-content\/gallery\/haren-ems-groningen\/IMG_4139.jpg\"\n               title=\"Abfahrt am fr\u00fchen Morgen - Respekteinfl\u00f6ssende, gro\u00dfe \u00dcbersee Schiffe. Die Gastlandflagge ist aufgrund der &quot;Einhand&quot; Thematik schon mal gesetzt!\"\n               data-src=\"https:\/\/meerlust.frankweiner.de\/wp-content\/gallery\/haren-ems-groningen\/IMG_4139.jpg\"\n               data-thumbnail=\"https:\/\/meerlust.frankweiner.de\/wp-content\/gallery\/haren-ems-groningen\/thumbs\/thumbs_IMG_4139.jpg\"\n               data-image-id=\"114\"\n               data-title=\"IMG_4139\"\n               data-description=\"Abfahrt am fr\u00fchen Morgen - Respekteinfl\u00f6ssende, gro\u00dfe \u00dcbersee Schiffe. Die Gastlandflagge ist aufgrund der &quot;Einhand&quot; Thematik schon mal gesetzt!\"\n               data-image-slug=\"img_4139\"\n               class=\"ngg-fancybox\" rel=\"24e33e81fe391b3f258df1179ba9a0d3\">\n                <img\n                    title=\"IMG_4139\"\n                    alt=\"IMG_4139\"\n                    src=\"https:\/\/meerlust.frankweiner.de\/wp-content\/gallery\/haren-ems-groningen\/thumbs\/thumbs_IMG_4139.jpg\"\n                    width=\"240\"\n                    height=\"160\"\n                    style=\"max-width:100%;\"\n                \/>\n            <\/a>\n        <\/div>\n\t\t\t\t\t\t\t<\/div> \n\t\t\t\n        \n\t\t\t\t<div id=\"ngg-image-5\" class=\"ngg-gallery-thumbnail-box\" >\n\t\t\t\t        <div class=\"ngg-gallery-thumbnail\">\n            <a href=\"https:\/\/meerlust.frankweiner.de\/wp-content\/gallery\/haren-ems-groningen\/IMG_4140.jpg\"\n               title=\"Autoschiff zum Beladen bereit\"\n               data-src=\"https:\/\/meerlust.frankweiner.de\/wp-content\/gallery\/haren-ems-groningen\/IMG_4140.jpg\"\n               data-thumbnail=\"https:\/\/meerlust.frankweiner.de\/wp-content\/gallery\/haren-ems-groningen\/thumbs\/thumbs_IMG_4140.jpg\"\n               data-image-id=\"110\"\n               data-title=\"IMG_4140\"\n               data-description=\"Autoschiff zum Beladen bereit\"\n               data-image-slug=\"img_4140\"\n               class=\"ngg-fancybox\" rel=\"24e33e81fe391b3f258df1179ba9a0d3\">\n                <img\n                    title=\"IMG_4140\"\n                    alt=\"IMG_4140\"\n                    src=\"https:\/\/meerlust.frankweiner.de\/wp-content\/gallery\/haren-ems-groningen\/thumbs\/thumbs_IMG_4140.jpg\"\n                    width=\"240\"\n                    height=\"160\"\n                    style=\"max-width:100%;\"\n                \/>\n            <\/a>\n        <\/div>\n\t\t\t\t\t\t\t<\/div> \n\t\t\t\n        \n\t\t\t\t<div id=\"ngg-image-6\" class=\"ngg-gallery-thumbnail-box\" >\n\t\t\t\t        <div class=\"ngg-gallery-thumbnail\">\n            <a href=\"https:\/\/meerlust.frankweiner.de\/wp-content\/gallery\/haren-ems-groningen\/IMG_4147.jpg\"\n               title=\"Einfahrt vom Dollart in die Zufahrt nach Delfzijl - Industrie an Backbord, Windr\u00e4der Steuerbord\"\n               data-src=\"https:\/\/meerlust.frankweiner.de\/wp-content\/gallery\/haren-ems-groningen\/IMG_4147.jpg\"\n               data-thumbnail=\"https:\/\/meerlust.frankweiner.de\/wp-content\/gallery\/haren-ems-groningen\/thumbs\/thumbs_IMG_4147.jpg\"\n               data-image-id=\"115\"\n               data-title=\"IMG_4147\"\n               data-description=\"Einfahrt vom Dollart in die Zufahrt nach Delfzijl - Industrie an Backbord, Windr\u00e4der Steuerbord\"\n               data-image-slug=\"img_4147\"\n               class=\"ngg-fancybox\" rel=\"24e33e81fe391b3f258df1179ba9a0d3\">\n                <img\n                    title=\"IMG_4147\"\n                    alt=\"IMG_4147\"\n                    src=\"https:\/\/meerlust.frankweiner.de\/wp-content\/gallery\/haren-ems-groningen\/thumbs\/thumbs_IMG_4147.jpg\"\n                    width=\"240\"\n                    height=\"160\"\n                    style=\"max-width:100%;\"\n                \/>\n            <\/a>\n        <\/div>\n\t\t\t\t\t\t\t<\/div> \n\t\t\t\n        \n\t\t\t\t<div id=\"ngg-image-7\" class=\"ngg-gallery-thumbnail-box\" >\n\t\t\t\t        <div class=\"ngg-gallery-thumbnail\">\n            <a href=\"https:\/\/meerlust.frankweiner.de\/wp-content\/gallery\/haren-ems-groningen\/IMG_4162.jpg\"\n               title=\"Motorboot Club Groningen - auch Segler sind willkommen und werden freundlichst empfangen\"\n               data-src=\"https:\/\/meerlust.frankweiner.de\/wp-content\/gallery\/haren-ems-groningen\/IMG_4162.jpg\"\n               data-thumbnail=\"https:\/\/meerlust.frankweiner.de\/wp-content\/gallery\/haren-ems-groningen\/thumbs\/thumbs_IMG_4162.jpg\"\n               data-image-id=\"116\"\n               data-title=\"IMG_4162\"\n               data-description=\"Motorboot Club Groningen - auch Segler sind willkommen und werden freundlichst empfangen\"\n               data-image-slug=\"img_4162\"\n               class=\"ngg-fancybox\" rel=\"24e33e81fe391b3f258df1179ba9a0d3\">\n                <img\n                    title=\"IMG_4162\"\n                    alt=\"IMG_4162\"\n                    src=\"https:\/\/meerlust.frankweiner.de\/wp-content\/gallery\/haren-ems-groningen\/thumbs\/thumbs_IMG_4162.jpg\"\n                    width=\"240\"\n                    height=\"160\"\n                    style=\"max-width:100%;\"\n                \/>\n            <\/a>\n        <\/div>\n\t\t\t\t\t\t\t<\/div> \n\t\t\t\n        \n\t\t\n\t\t<!-- Pagination -->\n\t<div class='ngg-clear'><\/div>\t<\/div>\n\n","protected":false},"excerpt":{"rendered":"<p>&#8220; order_by=&#8220;sortorder&#8220; order_direction=&#8220;ASC&#8220; returns=&#8220;included&#8220; maximum_entity_count=&#8220;500&#8243;]<\/p>\n","protected":false},"author":1,"featured_media":0,"parent":17,"menu_order":5,"comment_status":"closed","ping_status":"closed","template":"","meta":{"ngg_post_thumbnail":0},"_links":{"self":[{"href":"https:\/\/meerlust.frankweiner.de\/index.php?rest_route=\/wp\/v2\/pages\/667"}],"collection":[{"href":"https:\/\/meerlust.frankweiner.de\/index.php?rest_route=\/wp\/v2\/pages"}],"about":[{"href":"https:\/\/meerlust.frankweiner.de\/index.php?rest_route=\/wp\/v2\/types\/page"}],"author":[{"embeddable":true,"href":"https:\/\/meerlust.frankweiner.de\/index.php?rest_route=\/wp\/v2\/users\/1"}],"replies":[{"embeddable":true,"href":"https:\/\/meerlust.frankweiner.de\/index.php?rest_route=%2Fwp%2Fv2%2Fcomments&post=667"}],"version-history":[{"count":5,"href":"https:\/\/meerlust.frankweiner.de\/index.php?rest_route=\/wp\/v2\/pages\/667\/revisions"}],"predecessor-version":[{"id":769,"href":"https:\/\/meerlust.frankweiner.de\/index.php?rest_route=\/wp\/v2\/pages\/667\/revisions\/769"}],"up":[{"embeddable":true,"href":"https:\/\/meerlust.frankweiner.de\/index.php?rest_route=\/wp\/v2\/pages\/17"}],"wp:attachment":[{"href":"https:\/\/meerlust.frankweiner.de\/index.php?rest_route=%2Fwp%2Fv2%2Fmedia&parent=667"}],"curies":[{"name":"wp","href":"https:\/\/api.w.org\/{rel}","templated":true}]}}